
{"id":250,"date":"2021-06-23T15:34:23","date_gmt":"2021-06-23T13:34:23","guid":{"rendered":"https:\/\/blog.proclima.com\/suisse\/?page_id=250"},"modified":"2021-06-23T16:04:50","modified_gmt":"2021-06-23T14:04:50","slug":"pro-clima-suisse","status":"publish","type":"page","link":"https:\/\/blog.proclima.com\/suisse\/","title":{"rendered":"pro clima suisse"},"content":{"rendered":"<section class=\"display-posts-listing display-posts-listing-featured\"><div class=\"display-posts-listing-container\"><div class=\"row\">\n<div class=\"col-sm-12\">\n\n<article id=\"post-360\" class=\"display-posts-featured display-posts-featured-first post-360 post type-post status-publish format-standard has-post-thumbnail hentry category-letancheite-a-lair category-proclima\">\n    <div class=\"row\">\n        <div class=\"col-sm-12 col-md-8\">\n            <div class=\"post-thumbnail-wrapper\">\n                <a href=\"https:\/\/blog.proclima.com\/suisse\/2025\/11\/27\/retrospective-du-sallon-holz-2025-innovations-echanges-et-impulsions-fortes-pour-lavenir\/\" rel=\"bookmark\">\n                    <img loading=\"lazy\" decoding=\"async\" data-size=\"656x325\" width=\"656\" height=\"325\" src=\"https:\/\/blog.proclima.com\/suisse\/files\/2025\/11\/Beitragsbild_fr.png\" class=\"attachment-medium-thumbnail size-medium-thumbnail wp-post-image\" alt=\"\" srcset=\"https:\/\/blog.proclima.com\/suisse\/files\/2025\/11\/Beitragsbild_fr.png 656w, https:\/\/blog.proclima.com\/suisse\/files\/2025\/11\/Beitragsbild_fr-300x149.png 300w, https:\/\/blog.proclima.com\/suisse\/files\/2025\/11\/Beitragsbild_fr-384x190.png 384w\" sizes=\"auto, (max-width: 656px) 100vw, 656px\" \/>                <\/a>\n            <\/div>\n        <\/div>\n        \n        <div class=\"col-sm-12 col-md-4\">   \n            <header class=\"entry-header\">\n                                <h1 class=\"entry-title\"><a href=\"https:\/\/blog.proclima.com\/suisse\/2025\/11\/27\/retrospective-du-sallon-holz-2025-innovations-echanges-et-impulsions-fortes-pour-lavenir\/\" rel=\"bookmark\">Retrospective du salon HOLZ 2025 : innovations, \u00e9changes et impulsions fortes pour l\u2019avenir<\/a><\/h1>\n                                \n                            <\/header><!-- .entry-header -->     \n            <div class=\"entry-summary\">\n                <p>Cinq jours riches en inspiration, d\u2019\u00e9changes professionnels et en passion pour l\u2019artisanat \u2013 notre participation au salon HOLZ 2025 \u00e0 B\u00e2le fut un v\u00e9ritable succ\u00e8s. <a href=\"https:\/\/blog.proclima.com\/suisse\/2025\/11\/27\/retrospective-du-sallon-holz-2025-innovations-echanges-et-impulsions-fortes-pour-lavenir\/\" rel=\"bookmark\">&#8230;<\/a><\/p>\n            <\/div><!-- .entry-summary -->\n\n            <footer class=\"entry-footer\">\n                <div class=\"entry-meta\">\n                    <!-- <span class=\"posted-on\"><time class=\"entry-date updated\" datetime=\"2025-11-28T08:21:15+01:00\">28. novembre 2025 mis \u00e0 jour r\u00e9cemment<\/time><\/span> -->\n                <\/div><!-- .entry-meta -->\n            <\/footer><!-- .entry-footer -->\n        <\/div>\n    <\/div>\n<\/article><!-- #post-## -->\n\n<\/div>\n<div class=\"col-md-4\">\n\n<article id=\"post-356\" class=\"display-posts-featured post-356 post type-post status-publish format-standard has-post-thumbnail hentry category-letancheite-a-lair category-proclima tag-enveloppe-du-bati tag-etancheite-a-lair tag-renovation\">\n    <div class=\"row\">\n        <div class=\"col-sm-12 col-sm-12\">\n            <div class=\"post-thumbnail-wrapper\">\n                <a href=\"https:\/\/blog.proclima.com\/suisse\/2025\/09\/12\/des-solutions-de-toiture-intelligentes-pour-la-renovation-energetique\/\" rel=\"bookmark\">\n                    <img loading=\"lazy\" decoding=\"async\" width=\"352\" height=\"198\" src=\"https:\/\/blog.proclima.com\/suisse\/files\/2025\/09\/7-Beitragsbild-SOLITEX_QUANTHO_3000_connect_DASAPLANO-001_-_Dachsanierung_von_aussen__9528-352x198.jpg\" class=\"attachment-small-thumbnail size-small-thumbnail wp-post-image\" alt=\"SOLITEX_QUANTHO_3000_connect\" srcset=\"https:\/\/blog.proclima.com\/suisse\/files\/2025\/09\/7-Beitragsbild-SOLITEX_QUANTHO_3000_connect_DASAPLANO-001_-_Dachsanierung_von_aussen__9528-352x198.jpg 352w, https:\/\/blog.proclima.com\/suisse\/files\/2025\/09\/7-Beitragsbild-SOLITEX_QUANTHO_3000_connect_DASAPLANO-001_-_Dachsanierung_von_aussen__9528-1120x630.jpg 1120w, https:\/\/blog.proclima.com\/suisse\/files\/2025\/09\/7-Beitragsbild-SOLITEX_QUANTHO_3000_connect_DASAPLANO-001_-_Dachsanierung_von_aussen__9528-736x414.jpg 736w\" sizes=\"auto, (max-width: 352px) 100vw, 352px\" \/>                <\/a>\n            <\/div>\n        <\/div>\n        \n        <div class=\"col-sm-12 col-sm-12\">   \n            <header class=\"entry-header\">\n                                <h1 class=\"entry-title\"><a href=\"https:\/\/blog.proclima.com\/suisse\/2025\/09\/12\/des-solutions-de-toiture-intelligentes-pour-la-renovation-energetique\/\" rel=\"bookmark\">Des solutions de toiture intelligentes pour la r\u00e9novation \u00e9nerg\u00e9tique<\/a><\/h1>\n                                \n                            <\/header><!-- .entry-header -->     \n            <div class=\"entry-summary\">\n                <p>Une planification rigoureuse, des mat\u00e9riaux de qualit\u00e9 et des syst\u00e8mes adapt\u00e9es sont essentiels pour garantir une r\u00e9novation de toiture s\u00fbre et efficace. L\u2019\u00e9cran de sous-toiture <a href=\"https:\/\/blog.proclima.com\/suisse\/2025\/09\/12\/des-solutions-de-toiture-intelligentes-pour-la-renovation-energetique\/\" rel=\"bookmark\">&#8230;<\/a><\/p>\n            <\/div><!-- .entry-summary -->\n\n            <footer class=\"entry-footer\">\n                <div class=\"entry-meta\">\n                    <!-- <span class=\"posted-on\"><time class=\"entry-date updated\" datetime=\"2025-09-12T10:04:05+02:00\">12. septembre 2025 mis \u00e0 jour r\u00e9cemment<\/time><\/span> -->\n                <\/div><!-- .entry-meta -->\n            <\/footer><!-- .entry-footer -->\n        <\/div>\n    <\/div>\n<\/article><!-- #post-## -->\n\n<\/div>\n<div class=\"col-md-4\">\n\n<article id=\"post-346\" class=\"display-posts-featured post-346 post type-post status-publish format-standard has-post-thumbnail hentry category-letancheite-a-lair category-proclima tag-declaration-environnementale tag-durabilite tag-enveloppe-du-bati tag-epd\">\n    <div class=\"row\">\n        <div class=\"col-sm-12 col-sm-12\">\n            <div class=\"post-thumbnail-wrapper\">\n                <a href=\"https:\/\/blog.proclima.com\/suisse\/2025\/08\/25\/les-epd-pro-clima-apportent-durabilite-et-transparence\/\" rel=\"bookmark\">\n                    <img loading=\"lazy\" decoding=\"async\" data-size=\"1515x853\" width=\"352\" height=\"198\" src=\"https:\/\/blog.proclima.com\/suisse\/files\/2025\/07\/6-Beitragsbild-EPD_fr-352x198.png\" class=\"attachment-small-thumbnail size-small-thumbnail wp-post-image\" alt=\"Les EPD pro clima apportent durabilit\u00e9 et transparence\" srcset=\"https:\/\/blog.proclima.com\/suisse\/files\/2025\/07\/6-Beitragsbild-EPD_fr-352x198.png 352w, https:\/\/blog.proclima.com\/suisse\/files\/2025\/07\/6-Beitragsbild-EPD_fr-300x169.png 300w, https:\/\/blog.proclima.com\/suisse\/files\/2025\/07\/6-Beitragsbild-EPD_fr-1024x577.png 1024w, https:\/\/blog.proclima.com\/suisse\/files\/2025\/07\/6-Beitragsbild-EPD_fr-768x432.png 768w, https:\/\/blog.proclima.com\/suisse\/files\/2025\/07\/6-Beitragsbild-EPD_fr-1120x630.png 1120w, https:\/\/blog.proclima.com\/suisse\/files\/2025\/07\/6-Beitragsbild-EPD_fr-736x414.png 736w, https:\/\/blog.proclima.com\/suisse\/files\/2025\/07\/6-Beitragsbild-EPD_fr-384x216.png 384w, https:\/\/blog.proclima.com\/suisse\/files\/2025\/07\/6-Beitragsbild-EPD_fr.png 1515w\" sizes=\"auto, (max-width: 352px) 100vw, 352px\" \/>                <\/a>\n            <\/div>\n        <\/div>\n        \n        <div class=\"col-sm-12 col-sm-12\">   \n            <header class=\"entry-header\">\n                                <h1 class=\"entry-title\"><a href=\"https:\/\/blog.proclima.com\/suisse\/2025\/08\/25\/les-epd-pro-clima-apportent-durabilite-et-transparence\/\" rel=\"bookmark\">Les EPD pro clima apportent durabilit\u00e9 et transparence<\/a><\/h1>\n                                \n                            <\/header><!-- .entry-header -->     \n            <div class=\"entry-summary\">\n                <p>EPD est l\u2019abr\u00e9viation de Environmental Product Declaration, la d\u00e9claration environnementale du produit. Une EPD d\u00e9crit les mat\u00e9riaux, produits ou composants de construction en fonction de <a href=\"https:\/\/blog.proclima.com\/suisse\/2025\/08\/25\/les-epd-pro-clima-apportent-durabilite-et-transparence\/\" rel=\"bookmark\">&#8230;<\/a><\/p>\n            <\/div><!-- .entry-summary -->\n\n            <footer class=\"entry-footer\">\n                <div class=\"entry-meta\">\n                    <!-- <span class=\"posted-on\"><time class=\"entry-date updated\" datetime=\"2025-07-21T11:54:11+02:00\">21. juillet 2025 mis \u00e0 jour r\u00e9cemment<\/time><\/span> -->\n                <\/div><!-- .entry-meta -->\n            <\/footer><!-- .entry-footer -->\n        <\/div>\n    <\/div>\n<\/article><!-- #post-## -->\n\n<\/div>\n<div class=\"col-md-4\">\n\n<article id=\"post-349\" class=\"display-posts-featured post-349 post type-post status-publish format-standard has-post-thumbnail hentry category-letancheite-a-lair category-proclima tag-enveloppe-du-bati tag-grele tag-hw5\">\n    <div class=\"row\">\n        <div class=\"col-sm-12 col-sm-12\">\n            <div class=\"post-thumbnail-wrapper\">\n                <a href=\"https:\/\/blog.proclima.com\/suisse\/2025\/08\/11\/une-protection-maximale-contre-la-grele-pour-garder-votre-toit-au-sec\/\" rel=\"bookmark\">\n                    <img loading=\"lazy\" decoding=\"async\" data-size=\"1351x569\" width=\"352\" height=\"198\" src=\"https:\/\/blog.proclima.com\/suisse\/files\/2025\/07\/5-Beitragsbild-Hagel_fr-352x198.png\" class=\"attachment-small-thumbnail size-small-thumbnail wp-post-image\" alt=\"Une protection maximale contre la gr\u00eale... pour garder votre toit au sec\" srcset=\"https:\/\/blog.proclima.com\/suisse\/files\/2025\/07\/5-Beitragsbild-Hagel_fr-352x198.png 352w, https:\/\/blog.proclima.com\/suisse\/files\/2025\/07\/5-Beitragsbild-Hagel_fr-736x414.png 736w\" sizes=\"auto, (max-width: 352px) 100vw, 352px\" \/>                <\/a>\n            <\/div>\n        <\/div>\n        \n        <div class=\"col-sm-12 col-sm-12\">   \n            <header class=\"entry-header\">\n                                <h1 class=\"entry-title\"><a href=\"https:\/\/blog.proclima.com\/suisse\/2025\/08\/11\/une-protection-maximale-contre-la-grele-pour-garder-votre-toit-au-sec\/\" rel=\"bookmark\">Une protection maximale contre la gr\u00eale&#8230; pour garder votre toit au sec<\/a><\/h1>\n                                \n                            <\/header><!-- .entry-header -->     \n            <div class=\"entry-summary\">\n                <p>Les orages accompagn\u00e9s de fortes pluies et de gr\u00eale ne sont plus exceptionnels, surtout pendant les mois d&rsquo;\u00e9t\u00e9. Ils sont aujourd&rsquo;hui plus fr\u00e9quents dans toute <a href=\"https:\/\/blog.proclima.com\/suisse\/2025\/08\/11\/une-protection-maximale-contre-la-grele-pour-garder-votre-toit-au-sec\/\" rel=\"bookmark\">&#8230;<\/a><\/p>\n            <\/div><!-- .entry-summary -->\n\n            <footer class=\"entry-footer\">\n                <div class=\"entry-meta\">\n                    <!-- <span class=\"posted-on\"><time class=\"entry-date updated\" datetime=\"2025-07-21T12:00:59+02:00\">21. juillet 2025 mis \u00e0 jour r\u00e9cemment<\/time><\/span> -->\n                <\/div><!-- .entry-meta -->\n            <\/footer><!-- .entry-footer -->\n        <\/div>\n    <\/div>\n<\/article><!-- #post-## -->\n\n<\/div><\/div><\/div><\/section>\n<hr>\n\n\n\n<p><\/p>\n","protected":false},"excerpt":{"rendered":"","protected":false},"author":147,"featured_media":0,"parent":0,"menu_order":0,"comment_status":"closed","ping_status":"closed","template":"","meta":{"footnotes":""},"class_list":["post-250","page","type-page","status-publish","hentry"],"yoast_head":"<!-- This site is optimized with the Yoast SEO plugin v27.4 - https:\/\/yoast.com\/product\/yoast-seo-wordpress\/ -->\n<title>pro clima suisse - blog pro clima Suisse<\/title>\n<meta name=\"robots\" content=\"index, follow, max-snippet:-1, max-image-preview:large, max-video-preview:-1\" \/>\n<link rel=\"canonical\" href=\"https:\/\/blog.proclima.com\/suisse\/\" \/>\n<meta property=\"og:locale\" content=\"fr_FR\" \/>\n<meta property=\"og:type\" content=\"article\" \/>\n<meta property=\"og:title\" content=\"pro clima suisse - blog pro clima Suisse\" \/>\n<meta property=\"og:url\" content=\"https:\/\/blog.proclima.com\/suisse\/\" \/>\n<meta property=\"og:site_name\" content=\"blog pro clima Suisse\" \/>\n<meta property=\"article:modified_time\" content=\"2021-06-23T14:04:50+00:00\" \/>\n<meta name=\"twitter:card\" content=\"summary_large_image\" \/>\n<script type=\"application\/ld+json\" class=\"yoast-schema-graph\">{\"@context\":\"https:\\\/\\\/schema.org\",\"@graph\":[{\"@type\":\"WebPage\",\"@id\":\"https:\\\/\\\/blog.proclima.com\\\/suisse\\\/\",\"url\":\"https:\\\/\\\/blog.proclima.com\\\/suisse\\\/\",\"name\":\"pro clima suisse - blog pro clima Suisse\",\"isPartOf\":{\"@id\":\"https:\\\/\\\/blog.proclima.com\\\/suisse\\\/#website\"},\"datePublished\":\"2021-06-23T13:34:23+00:00\",\"dateModified\":\"2021-06-23T14:04:50+00:00\",\"breadcrumb\":{\"@id\":\"https:\\\/\\\/blog.proclima.com\\\/suisse\\\/#breadcrumb\"},\"inLanguage\":\"fr-FR\",\"potentialAction\":[{\"@type\":\"ReadAction\",\"target\":[\"https:\\\/\\\/blog.proclima.com\\\/suisse\\\/\"]}]},{\"@type\":\"BreadcrumbList\",\"@id\":\"https:\\\/\\\/blog.proclima.com\\\/suisse\\\/#breadcrumb\",\"itemListElement\":[{\"@type\":\"ListItem\",\"position\":1,\"name\":\"Start\",\"item\":\"https:\\\/\\\/blog.proclima.com\\\/suisse\\\/\"},{\"@type\":\"ListItem\",\"position\":2,\"name\":\"pro clima suisse\"}]},{\"@type\":\"WebSite\",\"@id\":\"https:\\\/\\\/blog.proclima.com\\\/suisse\\\/#website\",\"url\":\"https:\\\/\\\/blog.proclima.com\\\/suisse\\\/\",\"name\":\"blog pro clima Suisse\",\"description\":\"Des solutions fiables pour l\u2019\u00e9tanch\u00e9it\u00e9 du b\u00e2timent\",\"publisher\":{\"@id\":\"https:\\\/\\\/blog.proclima.com\\\/suisse\\\/#organization\"},\"potentialAction\":[{\"@type\":\"SearchAction\",\"target\":{\"@type\":\"EntryPoint\",\"urlTemplate\":\"https:\\\/\\\/blog.proclima.com\\\/suisse\\\/?s={search_term_string}\"},\"query-input\":{\"@type\":\"PropertyValueSpecification\",\"valueRequired\":true,\"valueName\":\"search_term_string\"}}],\"inLanguage\":\"fr-FR\"},{\"@type\":\"Organization\",\"@id\":\"https:\\\/\\\/blog.proclima.com\\\/suisse\\\/#organization\",\"name\":\"blog pro clima Suisse\",\"url\":\"https:\\\/\\\/blog.proclima.com\\\/suisse\\\/\",\"logo\":{\"@type\":\"ImageObject\",\"inLanguage\":\"fr-FR\",\"@id\":\"https:\\\/\\\/blog.proclima.com\\\/suisse\\\/#\\\/schema\\\/logo\\\/image\\\/\",\"url\":\"https:\\\/\\\/blog.proclima.com\\\/suisse\\\/files\\\/2025\\\/12\\\/logo_proclima_quadrat.png\",\"contentUrl\":\"https:\\\/\\\/blog.proclima.com\\\/suisse\\\/files\\\/2025\\\/12\\\/logo_proclima_quadrat.png\",\"width\":1200,\"height\":1200,\"caption\":\"blog pro clima Suisse\"},\"image\":{\"@id\":\"https:\\\/\\\/blog.proclima.com\\\/suisse\\\/#\\\/schema\\\/logo\\\/image\\\/\"}}]}<\/script>\n<!-- \/ Yoast SEO plugin. -->","yoast_head_json":{"title":"pro clima suisse - blog pro clima Suisse","robots":{"index":"index","follow":"follow","max-snippet":"max-snippet:-1","max-image-preview":"max-image-preview:large","max-video-preview":"max-video-preview:-1"},"canonical":"https:\/\/blog.proclima.com\/suisse\/","og_locale":"fr_FR","og_type":"article","og_title":"pro clima suisse - blog pro clima Suisse","og_url":"https:\/\/blog.proclima.com\/suisse\/","og_site_name":"blog pro clima Suisse","article_modified_time":"2021-06-23T14:04:50+00:00","twitter_card":"summary_large_image","schema":{"@context":"https:\/\/schema.org","@graph":[{"@type":"WebPage","@id":"https:\/\/blog.proclima.com\/suisse\/","url":"https:\/\/blog.proclima.com\/suisse\/","name":"pro clima suisse - blog pro clima Suisse","isPartOf":{"@id":"https:\/\/blog.proclima.com\/suisse\/#website"},"datePublished":"2021-06-23T13:34:23+00:00","dateModified":"2021-06-23T14:04:50+00:00","breadcrumb":{"@id":"https:\/\/blog.proclima.com\/suisse\/#breadcrumb"},"inLanguage":"fr-FR","potentialAction":[{"@type":"ReadAction","target":["https:\/\/blog.proclima.com\/suisse\/"]}]},{"@type":"BreadcrumbList","@id":"https:\/\/blog.proclima.com\/suisse\/#breadcrumb","itemListElement":[{"@type":"ListItem","position":1,"name":"Start","item":"https:\/\/blog.proclima.com\/suisse\/"},{"@type":"ListItem","position":2,"name":"pro clima suisse"}]},{"@type":"WebSite","@id":"https:\/\/blog.proclima.com\/suisse\/#website","url":"https:\/\/blog.proclima.com\/suisse\/","name":"blog pro clima Suisse","description":"Des solutions fiables pour l\u2019\u00e9tanch\u00e9it\u00e9 du b\u00e2timent","publisher":{"@id":"https:\/\/blog.proclima.com\/suisse\/#organization"},"potentialAction":[{"@type":"SearchAction","target":{"@type":"EntryPoint","urlTemplate":"https:\/\/blog.proclima.com\/suisse\/?s={search_term_string}"},"query-input":{"@type":"PropertyValueSpecification","valueRequired":true,"valueName":"search_term_string"}}],"inLanguage":"fr-FR"},{"@type":"Organization","@id":"https:\/\/blog.proclima.com\/suisse\/#organization","name":"blog pro clima Suisse","url":"https:\/\/blog.proclima.com\/suisse\/","logo":{"@type":"ImageObject","inLanguage":"fr-FR","@id":"https:\/\/blog.proclima.com\/suisse\/#\/schema\/logo\/image\/","url":"https:\/\/blog.proclima.com\/suisse\/files\/2025\/12\/logo_proclima_quadrat.png","contentUrl":"https:\/\/blog.proclima.com\/suisse\/files\/2025\/12\/logo_proclima_quadrat.png","width":1200,"height":1200,"caption":"blog pro clima Suisse"},"image":{"@id":"https:\/\/blog.proclima.com\/suisse\/#\/schema\/logo\/image\/"}}]}},"_links":{"self":[{"href":"https:\/\/blog.proclima.com\/suisse\/wp-json\/wp\/v2\/pages\/250","targetHints":{"allow":["GET"]}}],"collection":[{"href":"https:\/\/blog.proclima.com\/suisse\/wp-json\/wp\/v2\/pages"}],"about":[{"href":"https:\/\/blog.proclima.com\/suisse\/wp-json\/wp\/v2\/types\/page"}],"author":[{"embeddable":true,"href":"https:\/\/blog.proclima.com\/suisse\/wp-json\/wp\/v2\/users\/147"}],"replies":[{"embeddable":true,"href":"https:\/\/blog.proclima.com\/suisse\/wp-json\/wp\/v2\/comments?post=250"}],"version-history":[{"count":4,"href":"https:\/\/blog.proclima.com\/suisse\/wp-json\/wp\/v2\/pages\/250\/revisions"}],"predecessor-version":[{"id":260,"href":"https:\/\/blog.proclima.com\/suisse\/wp-json\/wp\/v2\/pages\/250\/revisions\/260"}],"wp:attachment":[{"href":"https:\/\/blog.proclima.com\/suisse\/wp-json\/wp\/v2\/media?parent=250"}],"curies":[{"name":"wp","href":"https:\/\/api.w.org\/{rel}","templated":true}]}}