
{"id":4194,"date":"2015-01-05T16:48:17","date_gmt":"2015-01-05T15:48:17","guid":{"rendered":"http:\/\/blog.proclima.com\/de\/?page_id=4194"},"modified":"2020-02-10T15:51:23","modified_gmt":"2020-02-10T14:51:23","slug":"abonnieren","status":"publish","type":"page","link":"https:\/\/blog.proclima.com\/de\/dasbauradio\/abonnieren\/","title":{"rendered":"Abonnieren"},"content":{"rendered":"<p>Bauradio kann online geh\u00f6rt werden aber auch als Podcast abonniert werden.<\/p>\n<p>Wenn Sie den Podcast abonnieren, werden Ihnen neue Folgen direkt auf Ihrem Computer oder Ihrem Smartphone angezeigt und sie k\u00f6nnen ihn Zuhause oder unterwegs anh\u00f6ren.<\/p>\n<p>Zum Abonnieren haben wir hier einen Abonnieren-Button \u00fcber den Sie Ihre Lieblingssoftware ausw\u00e4hlen k\u00f6nnen:<\/p>\n<p><code>[podlove-subscribe-button size=big]<\/code><\/p>\n<p>Sollte das noch nicht geholfen haben, gibt es im Folgenden noch weitere Optionen.<\/p>\n\n\n<h2 class=\"wp-block-heading\">Bauradio mit einer Podcast-App abonnieren<\/h2>\n\n\n\n<div class=\"wp-block-button alignleft\" style=\"margin-right: 1em\"><a class=\"wp-block-button__link has-text-color has-white-color has-background has-blue-background-color\" style=\"margin-top: 0\" href=\"https:\/\/podcasts.apple.com\/de\/podcast\/pro-clima-bauradio\/id1087408626\">Apple Podcasts<\/a><\/div>\n\n\n\n<div class=\"wp-block-button alignleft\" style=\"margin-right: 1em\"><a class=\"wp-block-button__link has-text-color has-white-color has-background has-blue-background-color\" style=\"margin-top: 0\" href=\"https:\/\/podcasts.google.com\/?feed=aHR0cHM6Ly9ibG9nLnByb2NsaW1hLmNvbS9kZS9mZWVkL2JhdXJhZGlvLWFhYy8\">Google Podcasts<\/a><\/div>\n\n\n\n<div class=\"wp-block-button alignleft\" style=\"margin-right: 1em\"><a class=\"wp-block-button__link has-text-color has-white-color has-background has-blue-background-color\" style=\"margin-top: 0\" href=\"https:\/\/open.spotify.com\/show\/6kPYDT0R7wrSv6155apJd2\">Spotify<\/a><\/div>\n\n\n\n<div class=\"wp-block-button alignleft\" style=\"margin-right: 1em\"><a class=\"wp-block-button__link has-text-color has-white-color has-background has-blue-background-color\" style=\"margin-top: 0\" href=\"https:\/\/soundcloud.com\/proclima\">Soundcloud<\/a><\/div>\n\n\n\n<div class=\"wp-block-button alignleft\" style=\"margin-right: 1em\"><a class=\"wp-block-button__link has-text-color has-white-color has-background has-blue-background-color\" style=\"margin-top: 0\" href=\"https:\/\/deezer.com\/show\/859902\">Deezer<\/a><\/div>\n\n\n\n<div class=\"wp-block-button alignleft\" style=\"margin-right: 1em\"><a class=\"wp-block-button__link has-text-color has-white-color has-background has-blue-background-color\" style=\"margin-top: 0\" href=\"https:\/\/www.stitcher.com\/podcast\/pro-clima-bauradio\">Stitcher<\/a><\/div>\n\n\n\n<div class=\"wp-block-button alignleft\" style=\"margin-right: 1em\"><a class=\"wp-block-button__link has-text-color has-white-color has-background has-blue-background-color\" style=\"margin-top: 0\" href=\"https:\/\/subscribeonandroid.com\/blog.proclima.com\/de\/feed\/bauradio-mp3\/\">Weitere Android-Apps<\/a><\/div>\n\n\n\n<h2 class=\"wp-block-heading\">Podcast abonnieren mit anderen Podcast-Clients und in anderen Formaten<\/h2>\n\n\n\n<p>Andere  Podcast-Clients haben entweder ein eigenes Verzeichnis bzw. eine  Suchfunktion, \u00fcber die sich der w\u00fcnschte Podcast suchen lassen l\u00e4sst. Manchmal fragen dieses nach der URL des Podcast-Feeds. Das ist dann diese hier:<\/p>\n\n\n\n<p>[podlove-feed-list]<\/p>\n","protected":false},"excerpt":{"rendered":"<p>Bauradio kann online geh\u00f6rt werden aber auch als Podcast abonniert werden. Wenn Sie den Podcast abonnieren, werden Ihnen neue Folgen direkt auf Ihrem Computer oder <a href=\"https:\/\/blog.proclima.com\/de\/dasbauradio\/abonnieren\/\" rel=\"bookmark\">&#8230;<\/a><\/p>\n","protected":false},"author":1,"featured_media":0,"parent":3800,"menu_order":0,"comment_status":"closed","ping_status":"closed","template":"sidebar-page.php","meta":{"footnotes":""},"class_list":["post-4194","page","type-page","status-publish","hentry"],"yoast_head":"<!-- This site is optimized with the Yoast SEO plugin v27.4 - https:\/\/yoast.com\/product\/yoast-seo-wordpress\/ -->\n<title>Abonnieren &#187; pro clima Blog - Deutschland<\/title>\n<meta name=\"robots\" content=\"index, follow, max-snippet:-1, max-image-preview:large, max-video-preview:-1\" \/>\n<link rel=\"canonical\" href=\"https:\/\/blog.proclima.com\/de\/dasbauradio\/abonnieren\/\" \/>\n<meta property=\"og:locale\" content=\"de_DE\" \/>\n<meta property=\"og:type\" content=\"article\" \/>\n<meta property=\"og:title\" content=\"Abonnieren &#187; pro clima Blog - Deutschland\" \/>\n<meta property=\"og:description\" content=\"Bauradio kann online geh\u00f6rt werden aber auch als Podcast abonniert werden. Wenn Sie den Podcast abonnieren, werden Ihnen neue Folgen direkt auf Ihrem Computer oder ...\" \/>\n<meta property=\"og:url\" content=\"https:\/\/blog.proclima.com\/de\/dasbauradio\/abonnieren\/\" \/>\n<meta property=\"og:site_name\" content=\"pro clima Blog - Deutschland\" \/>\n<meta property=\"article:publisher\" content=\"https:\/\/www.facebook.com\/proclima\" \/>\n<meta property=\"article:modified_time\" content=\"2020-02-10T14:51:23+00:00\" \/>\n<meta name=\"twitter:card\" content=\"summary_large_image\" \/>\n<meta name=\"twitter:site\" content=\"@proclimaDE\" \/>\n<meta name=\"twitter:label1\" content=\"Gesch\u00e4tzte Lesezeit\" \/>\n\t<meta name=\"twitter:data1\" content=\"1\u00a0Minute\" \/>\n<script type=\"application\/ld+json\" class=\"yoast-schema-graph\">{\"@context\":\"https:\\\/\\\/schema.org\",\"@graph\":[{\"@type\":\"WebPage\",\"@id\":\"https:\\\/\\\/blog.proclima.com\\\/de\\\/dasbauradio\\\/abonnieren\\\/\",\"url\":\"https:\\\/\\\/blog.proclima.com\\\/de\\\/dasbauradio\\\/abonnieren\\\/\",\"name\":\"Abonnieren &#187; pro clima Blog - Deutschland\",\"isPartOf\":{\"@id\":\"https:\\\/\\\/blog.proclima.com\\\/de\\\/#website\"},\"datePublished\":\"2015-01-05T15:48:17+00:00\",\"dateModified\":\"2020-02-10T14:51:23+00:00\",\"breadcrumb\":{\"@id\":\"https:\\\/\\\/blog.proclima.com\\\/de\\\/dasbauradio\\\/abonnieren\\\/#breadcrumb\"},\"inLanguage\":\"de\",\"potentialAction\":[{\"@type\":\"ReadAction\",\"target\":[\"https:\\\/\\\/blog.proclima.com\\\/de\\\/dasbauradio\\\/abonnieren\\\/\"]}]},{\"@type\":\"BreadcrumbList\",\"@id\":\"https:\\\/\\\/blog.proclima.com\\\/de\\\/dasbauradio\\\/abonnieren\\\/#breadcrumb\",\"itemListElement\":[{\"@type\":\"ListItem\",\"position\":1,\"name\":\"Startseite\",\"item\":\"https:\\\/\\\/blog.proclima.com\\\/de\\\/\"},{\"@type\":\"ListItem\",\"position\":2,\"name\":\"Bauradio der Podcast\",\"item\":\"https:\\\/\\\/blog.proclima.com\\\/de\\\/dasbauradio\\\/\"},{\"@type\":\"ListItem\",\"position\":3,\"name\":\"Abonnieren\"}]},{\"@type\":\"WebSite\",\"@id\":\"https:\\\/\\\/blog.proclima.com\\\/de\\\/#website\",\"url\":\"https:\\\/\\\/blog.proclima.com\\\/de\\\/\",\"name\":\"pro clima Blog - Deutschland\",\"description\":\"alles was pro clima bewegt\",\"publisher\":{\"@id\":\"https:\\\/\\\/blog.proclima.com\\\/de\\\/#organization\"},\"potentialAction\":[{\"@type\":\"SearchAction\",\"target\":{\"@type\":\"EntryPoint\",\"urlTemplate\":\"https:\\\/\\\/blog.proclima.com\\\/de\\\/?s={search_term_string}\"},\"query-input\":{\"@type\":\"PropertyValueSpecification\",\"valueRequired\":true,\"valueName\":\"search_term_string\"}}],\"inLanguage\":\"de\"},{\"@type\":\"Organization\",\"@id\":\"https:\\\/\\\/blog.proclima.com\\\/de\\\/#organization\",\"name\":\"pro clima - Moll bau\u00f6kologische Produkte GmbH\",\"url\":\"https:\\\/\\\/blog.proclima.com\\\/de\\\/\",\"logo\":{\"@type\":\"ImageObject\",\"inLanguage\":\"de\",\"@id\":\"https:\\\/\\\/blog.proclima.com\\\/de\\\/#\\\/schema\\\/logo\\\/image\\\/\",\"url\":\"https:\\\/\\\/blog.proclima.com\\\/de\\\/files\\\/2020\\\/04\\\/Logo-pro-clima.png\",\"contentUrl\":\"https:\\\/\\\/blog.proclima.com\\\/de\\\/files\\\/2020\\\/04\\\/Logo-pro-clima.png\",\"width\":4210,\"height\":4881,\"caption\":\"pro clima - Moll bau\u00f6kologische Produkte GmbH\"},\"image\":{\"@id\":\"https:\\\/\\\/blog.proclima.com\\\/de\\\/#\\\/schema\\\/logo\\\/image\\\/\"},\"sameAs\":[\"https:\\\/\\\/www.facebook.com\\\/proclima\",\"https:\\\/\\\/x.com\\\/proclimaDE\"]}]}<\/script>\n<!-- \/ Yoast SEO plugin. -->","yoast_head_json":{"title":"Abonnieren &#187; pro clima Blog - Deutschland","robots":{"index":"index","follow":"follow","max-snippet":"max-snippet:-1","max-image-preview":"max-image-preview:large","max-video-preview":"max-video-preview:-1"},"canonical":"https:\/\/blog.proclima.com\/de\/dasbauradio\/abonnieren\/","og_locale":"de_DE","og_type":"article","og_title":"Abonnieren &#187; pro clima Blog - Deutschland","og_description":"Bauradio kann online geh\u00f6rt werden aber auch als Podcast abonniert werden. Wenn Sie den Podcast abonnieren, werden Ihnen neue Folgen direkt auf Ihrem Computer oder ...","og_url":"https:\/\/blog.proclima.com\/de\/dasbauradio\/abonnieren\/","og_site_name":"pro clima Blog - Deutschland","article_publisher":"https:\/\/www.facebook.com\/proclima","article_modified_time":"2020-02-10T14:51:23+00:00","twitter_card":"summary_large_image","twitter_site":"@proclimaDE","twitter_misc":{"Gesch\u00e4tzte Lesezeit":"1\u00a0Minute"},"schema":{"@context":"https:\/\/schema.org","@graph":[{"@type":"WebPage","@id":"https:\/\/blog.proclima.com\/de\/dasbauradio\/abonnieren\/","url":"https:\/\/blog.proclima.com\/de\/dasbauradio\/abonnieren\/","name":"Abonnieren &#187; pro clima Blog - Deutschland","isPartOf":{"@id":"https:\/\/blog.proclima.com\/de\/#website"},"datePublished":"2015-01-05T15:48:17+00:00","dateModified":"2020-02-10T14:51:23+00:00","breadcrumb":{"@id":"https:\/\/blog.proclima.com\/de\/dasbauradio\/abonnieren\/#breadcrumb"},"inLanguage":"de","potentialAction":[{"@type":"ReadAction","target":["https:\/\/blog.proclima.com\/de\/dasbauradio\/abonnieren\/"]}]},{"@type":"BreadcrumbList","@id":"https:\/\/blog.proclima.com\/de\/dasbauradio\/abonnieren\/#breadcrumb","itemListElement":[{"@type":"ListItem","position":1,"name":"Startseite","item":"https:\/\/blog.proclima.com\/de\/"},{"@type":"ListItem","position":2,"name":"Bauradio der Podcast","item":"https:\/\/blog.proclima.com\/de\/dasbauradio\/"},{"@type":"ListItem","position":3,"name":"Abonnieren"}]},{"@type":"WebSite","@id":"https:\/\/blog.proclima.com\/de\/#website","url":"https:\/\/blog.proclima.com\/de\/","name":"pro clima Blog - Deutschland","description":"alles was pro clima bewegt","publisher":{"@id":"https:\/\/blog.proclima.com\/de\/#organization"},"potentialAction":[{"@type":"SearchAction","target":{"@type":"EntryPoint","urlTemplate":"https:\/\/blog.proclima.com\/de\/?s={search_term_string}"},"query-input":{"@type":"PropertyValueSpecification","valueRequired":true,"valueName":"search_term_string"}}],"inLanguage":"de"},{"@type":"Organization","@id":"https:\/\/blog.proclima.com\/de\/#organization","name":"pro clima - Moll bau\u00f6kologische Produkte GmbH","url":"https:\/\/blog.proclima.com\/de\/","logo":{"@type":"ImageObject","inLanguage":"de","@id":"https:\/\/blog.proclima.com\/de\/#\/schema\/logo\/image\/","url":"https:\/\/blog.proclima.com\/de\/files\/2020\/04\/Logo-pro-clima.png","contentUrl":"https:\/\/blog.proclima.com\/de\/files\/2020\/04\/Logo-pro-clima.png","width":4210,"height":4881,"caption":"pro clima - Moll bau\u00f6kologische Produkte GmbH"},"image":{"@id":"https:\/\/blog.proclima.com\/de\/#\/schema\/logo\/image\/"},"sameAs":["https:\/\/www.facebook.com\/proclima","https:\/\/x.com\/proclimaDE"]}]}},"_links":{"self":[{"href":"https:\/\/blog.proclima.com\/de\/wp-json\/wp\/v2\/pages\/4194","targetHints":{"allow":["GET"]}}],"collection":[{"href":"https:\/\/blog.proclima.com\/de\/wp-json\/wp\/v2\/pages"}],"about":[{"href":"https:\/\/blog.proclima.com\/de\/wp-json\/wp\/v2\/types\/page"}],"author":[{"embeddable":true,"href":"https:\/\/blog.proclima.com\/de\/wp-json\/wp\/v2\/users\/1"}],"replies":[{"embeddable":true,"href":"https:\/\/blog.proclima.com\/de\/wp-json\/wp\/v2\/comments?post=4194"}],"version-history":[{"count":11,"href":"https:\/\/blog.proclima.com\/de\/wp-json\/wp\/v2\/pages\/4194\/revisions"}],"predecessor-version":[{"id":8402,"href":"https:\/\/blog.proclima.com\/de\/wp-json\/wp\/v2\/pages\/4194\/revisions\/8402"}],"up":[{"embeddable":true,"href":"https:\/\/blog.proclima.com\/de\/wp-json\/wp\/v2\/pages\/3800"}],"wp:attachment":[{"href":"https:\/\/blog.proclima.com\/de\/wp-json\/wp\/v2\/media?parent=4194"}],"curies":[{"name":"wp","href":"https:\/\/api.w.org\/{rel}","templated":true}]}}