
{"id":1619,"date":"2015-03-15T14:55:09","date_gmt":"2015-03-15T13:55:09","guid":{"rendered":"http:\/\/blog.proclima.com\/ch\/?page_id=1619"},"modified":"2015-03-15T14:55:09","modified_gmt":"2015-03-15T13:55:09","slug":"ueber-uns","status":"publish","type":"page","link":"https:\/\/blog.proclima.com\/ch\/ueber-uns\/","title":{"rendered":"\u00dcber uns"},"content":{"rendered":"<div class=\"entry-content\">\n<div>\n<p><a href=\"http:\/\/www.proclima.de\" target=\"_blank\">pro clima <\/a>ist eine Marke der MOLL bau\u00f6kologische Produkte GmbH. Das Unternehmen hat sich auf die Dichtung der Geb\u00e4udeh\u00fclle spezialisiert. Mit Hauptsitz in Schwetzingen (Baden W\u00fcrttemberg) entwickelt und produziert die Firma Systeme f\u00fcr W\u00e4rmed\u00e4mmkonstruktionen: Dazu geh\u00f6ren Luftdichtung innen, Windichtung au\u00dfen (Unterspann- und Unterdeckbahnen,Wandschalungsbahnen), Anschlusskleber, Klebeb\u00e4nder und Detaill\u00f6sungen aus Manschetten.<\/p>\n<p>Mehr zu MOLL bau\u00f6kologische Produkte GmbH im <a href=\"http:\/\/www.wissenwiki.de\/MOLL_bau%C3%B6kologische_Produkte_GmbH_-_pro_clima\">WISSEN Wiki,<\/a> dem Expertenforum f\u00fcr eine energieeffiziente und wohngesunde Welt.<\/p>\n<\/div>\n<\/div>\n","protected":false},"excerpt":{"rendered":"<p>pro clima ist eine Marke der MOLL bau\u00f6kologische Produkte GmbH. Das Unternehmen hat sich auf die Dichtung der Geb\u00e4udeh\u00fclle spezialisiert. Mit Hauptsitz in Schwetzingen (Baden <a href=\"https:\/\/blog.proclima.com\/ch\/ueber-uns\/\" rel=\"bookmark\">&#8230;<\/a><\/p>\n","protected":false},"author":1,"featured_media":0,"parent":0,"menu_order":0,"comment_status":"closed","ping_status":"closed","template":"sidebar-page.php","meta":{"footnotes":""},"class_list":["post-1619","page","type-page","status-publish","hentry"],"yoast_head":"<!-- This site is optimized with the Yoast SEO plugin v27.5 - https:\/\/yoast.com\/product\/yoast-seo-wordpress\/ -->\n<title>\u00dcber uns - pro clima Schweiz<\/title>\n<meta name=\"robots\" content=\"index, follow, max-snippet:-1, max-image-preview:large, max-video-preview:-1\" \/>\n<link rel=\"canonical\" href=\"https:\/\/blog.proclima.com\/ch\/ueber-uns\/\" \/>\n<meta property=\"og:locale\" content=\"de_DE\" \/>\n<meta property=\"og:type\" content=\"article\" \/>\n<meta property=\"og:title\" content=\"\u00dcber uns - pro clima Schweiz\" \/>\n<meta property=\"og:description\" content=\"pro clima ist eine Marke der MOLL bau\u00f6kologische Produkte GmbH. Das Unternehmen hat sich auf die Dichtung der Geb\u00e4udeh\u00fclle spezialisiert. Mit Hauptsitz in Schwetzingen (Baden ...\" \/>\n<meta property=\"og:url\" content=\"https:\/\/blog.proclima.com\/ch\/ueber-uns\/\" \/>\n<meta property=\"og:site_name\" content=\"pro clima Schweiz\" \/>\n<meta name=\"twitter:card\" content=\"summary_large_image\" \/>\n<script type=\"application\/ld+json\" class=\"yoast-schema-graph\">{\"@context\":\"https:\\\/\\\/schema.org\",\"@graph\":[{\"@type\":\"WebPage\",\"@id\":\"https:\\\/\\\/blog.proclima.com\\\/ch\\\/ueber-uns\\\/\",\"url\":\"https:\\\/\\\/blog.proclima.com\\\/ch\\\/ueber-uns\\\/\",\"name\":\"\u00dcber uns - pro clima Schweiz\",\"isPartOf\":{\"@id\":\"https:\\\/\\\/blog.proclima.com\\\/ch\\\/#website\"},\"datePublished\":\"2015-03-15T13:55:09+00:00\",\"breadcrumb\":{\"@id\":\"https:\\\/\\\/blog.proclima.com\\\/ch\\\/ueber-uns\\\/#breadcrumb\"},\"inLanguage\":\"de\",\"potentialAction\":[{\"@type\":\"ReadAction\",\"target\":[\"https:\\\/\\\/blog.proclima.com\\\/ch\\\/ueber-uns\\\/\"]}]},{\"@type\":\"BreadcrumbList\",\"@id\":\"https:\\\/\\\/blog.proclima.com\\\/ch\\\/ueber-uns\\\/#breadcrumb\",\"itemListElement\":[{\"@type\":\"ListItem\",\"position\":1,\"name\":\"Startseite\",\"item\":\"https:\\\/\\\/blog.proclima.com\\\/ch\\\/\"},{\"@type\":\"ListItem\",\"position\":2,\"name\":\"\u00dcber uns\"}]},{\"@type\":\"WebSite\",\"@id\":\"https:\\\/\\\/blog.proclima.com\\\/ch\\\/#website\",\"url\":\"https:\\\/\\\/blog.proclima.com\\\/ch\\\/\",\"name\":\"pro clima Schweiz\",\"description\":\"das Blog\",\"publisher\":{\"@id\":\"https:\\\/\\\/blog.proclima.com\\\/ch\\\/#organization\"},\"potentialAction\":[{\"@type\":\"SearchAction\",\"target\":{\"@type\":\"EntryPoint\",\"urlTemplate\":\"https:\\\/\\\/blog.proclima.com\\\/ch\\\/?s={search_term_string}\"},\"query-input\":{\"@type\":\"PropertyValueSpecification\",\"valueRequired\":true,\"valueName\":\"search_term_string\"}}],\"inLanguage\":\"de\"},{\"@type\":\"Organization\",\"@id\":\"https:\\\/\\\/blog.proclima.com\\\/ch\\\/#organization\",\"name\":\"pro clima Schweiz\",\"url\":\"https:\\\/\\\/blog.proclima.com\\\/ch\\\/\",\"logo\":{\"@type\":\"ImageObject\",\"inLanguage\":\"de\",\"@id\":\"https:\\\/\\\/blog.proclima.com\\\/ch\\\/#\\\/schema\\\/logo\\\/image\\\/\",\"url\":\"https:\\\/\\\/blog.proclima.com\\\/ch\\\/files\\\/2025\\\/12\\\/logo_proclima_quadrat.png\",\"contentUrl\":\"https:\\\/\\\/blog.proclima.com\\\/ch\\\/files\\\/2025\\\/12\\\/logo_proclima_quadrat.png\",\"width\":1200,\"height\":1200,\"caption\":\"pro clima Schweiz\"},\"image\":{\"@id\":\"https:\\\/\\\/blog.proclima.com\\\/ch\\\/#\\\/schema\\\/logo\\\/image\\\/\"}}]}<\/script>\n<!-- \/ Yoast SEO plugin. -->","yoast_head_json":{"title":"\u00dcber uns - pro clima Schweiz","robots":{"index":"index","follow":"follow","max-snippet":"max-snippet:-1","max-image-preview":"max-image-preview:large","max-video-preview":"max-video-preview:-1"},"canonical":"https:\/\/blog.proclima.com\/ch\/ueber-uns\/","og_locale":"de_DE","og_type":"article","og_title":"\u00dcber uns - pro clima Schweiz","og_description":"pro clima ist eine Marke der MOLL bau\u00f6kologische Produkte GmbH. Das Unternehmen hat sich auf die Dichtung der Geb\u00e4udeh\u00fclle spezialisiert. Mit Hauptsitz in Schwetzingen (Baden ...","og_url":"https:\/\/blog.proclima.com\/ch\/ueber-uns\/","og_site_name":"pro clima Schweiz","twitter_card":"summary_large_image","schema":{"@context":"https:\/\/schema.org","@graph":[{"@type":"WebPage","@id":"https:\/\/blog.proclima.com\/ch\/ueber-uns\/","url":"https:\/\/blog.proclima.com\/ch\/ueber-uns\/","name":"\u00dcber uns - pro clima Schweiz","isPartOf":{"@id":"https:\/\/blog.proclima.com\/ch\/#website"},"datePublished":"2015-03-15T13:55:09+00:00","breadcrumb":{"@id":"https:\/\/blog.proclima.com\/ch\/ueber-uns\/#breadcrumb"},"inLanguage":"de","potentialAction":[{"@type":"ReadAction","target":["https:\/\/blog.proclima.com\/ch\/ueber-uns\/"]}]},{"@type":"BreadcrumbList","@id":"https:\/\/blog.proclima.com\/ch\/ueber-uns\/#breadcrumb","itemListElement":[{"@type":"ListItem","position":1,"name":"Startseite","item":"https:\/\/blog.proclima.com\/ch\/"},{"@type":"ListItem","position":2,"name":"\u00dcber uns"}]},{"@type":"WebSite","@id":"https:\/\/blog.proclima.com\/ch\/#website","url":"https:\/\/blog.proclima.com\/ch\/","name":"pro clima Schweiz","description":"das Blog","publisher":{"@id":"https:\/\/blog.proclima.com\/ch\/#organization"},"potentialAction":[{"@type":"SearchAction","target":{"@type":"EntryPoint","urlTemplate":"https:\/\/blog.proclima.com\/ch\/?s={search_term_string}"},"query-input":{"@type":"PropertyValueSpecification","valueRequired":true,"valueName":"search_term_string"}}],"inLanguage":"de"},{"@type":"Organization","@id":"https:\/\/blog.proclima.com\/ch\/#organization","name":"pro clima Schweiz","url":"https:\/\/blog.proclima.com\/ch\/","logo":{"@type":"ImageObject","inLanguage":"de","@id":"https:\/\/blog.proclima.com\/ch\/#\/schema\/logo\/image\/","url":"https:\/\/blog.proclima.com\/ch\/files\/2025\/12\/logo_proclima_quadrat.png","contentUrl":"https:\/\/blog.proclima.com\/ch\/files\/2025\/12\/logo_proclima_quadrat.png","width":1200,"height":1200,"caption":"pro clima Schweiz"},"image":{"@id":"https:\/\/blog.proclima.com\/ch\/#\/schema\/logo\/image\/"}}]}},"_links":{"self":[{"href":"https:\/\/blog.proclima.com\/ch\/wp-json\/wp\/v2\/pages\/1619","targetHints":{"allow":["GET"]}}],"collection":[{"href":"https:\/\/blog.proclima.com\/ch\/wp-json\/wp\/v2\/pages"}],"about":[{"href":"https:\/\/blog.proclima.com\/ch\/wp-json\/wp\/v2\/types\/page"}],"author":[{"embeddable":true,"href":"https:\/\/blog.proclima.com\/ch\/wp-json\/wp\/v2\/users\/1"}],"replies":[{"embeddable":true,"href":"https:\/\/blog.proclima.com\/ch\/wp-json\/wp\/v2\/comments?post=1619"}],"version-history":[{"count":2,"href":"https:\/\/blog.proclima.com\/ch\/wp-json\/wp\/v2\/pages\/1619\/revisions"}],"predecessor-version":[{"id":2630,"href":"https:\/\/blog.proclima.com\/ch\/wp-json\/wp\/v2\/pages\/1619\/revisions\/2630"}],"wp:attachment":[{"href":"https:\/\/blog.proclima.com\/ch\/wp-json\/wp\/v2\/media?parent=1619"}],"curies":[{"name":"wp","href":"https:\/\/api.w.org\/{rel}","templated":true}]}}